{"id":480,"date":"2022-12-22T15:32:05","date_gmt":"2022-12-22T14:32:05","guid":{"rendered":"https:\/\/www.trendhouse.lu\/projets-en-construction\/"},"modified":"2023-01-10T10:35:40","modified_gmt":"2023-01-10T09:35:40","slug":"projets-en-construction","status":"publish","type":"page","link":"https:\/\/www.trendhouse.lu\/en\/projets-en-construction\/","title":{"rendered":"Projects in construction"},"content":{"rendered":"<p>All the real estate projects carried out have been studied and carried out with the greatest care, both in terms of architectural quality and urban planning, so that they blend harmoniously into the urban fabric and respect the environment.<\/p>\n","protected":false},"excerpt":{"rendered":"<p>All the real estate projects carried out have been studied and carried out with the greatest care, both in terms of architectural quality and urban planning, so that they blend&#8230;<\/p>\n","protected":false},"author":1,"featured_media":0,"parent":0,"menu_order":0,"comment_status":"closed","ping_status":"closed","template":"page-templates\/in-construction.php","meta":{"_acf_changed":false,"inline_featured_image":false,"footnotes":""},"class_list":["post-480","page","type-page","status-publish","hentry"],"acf":[],"yoast_head":"<!-- This site is optimized with the Yoast SEO plugin v25.5 - https:\/\/yoast.com\/wordpress\/plugins\/seo\/ -->\n<title>Projects in construction - Trend House<\/title>\n<meta name=\"robots\" content=\"index, follow, max-snippet:-1, max-image-preview:large, max-video-preview:-1\" \/>\n<link rel=\"canonical\" href=\"https:\/\/www.trendhouse.lu\/en\/projets-en-construction\/\" \/>\n<meta property=\"og:locale\" content=\"en_US\" \/>\n<meta property=\"og:type\" content=\"article\" \/>\n<meta property=\"og:title\" content=\"Projects in construction - Trend House\" \/>\n<meta property=\"og:description\" content=\"All the real estate projects carried out have been studied and carried out with the greatest care, both in terms of architectural quality and urban planning, so that they blend...\" \/>\n<meta property=\"og:url\" content=\"https:\/\/www.trendhouse.lu\/en\/projets-en-construction\/\" \/>\n<meta property=\"og:site_name\" content=\"Trend House\" \/>\n<meta property=\"article:modified_time\" content=\"2023-01-10T09:35:40+00:00\" \/>\n<meta name=\"twitter:card\" content=\"summary_large_image\" \/>\n<script type=\"application\/ld+json\" class=\"yoast-schema-graph\">{\"@context\":\"https:\/\/schema.org\",\"@graph\":[{\"@type\":\"WebPage\",\"@id\":\"https:\/\/www.trendhouse.lu\/en\/projets-en-construction\/\",\"url\":\"https:\/\/www.trendhouse.lu\/en\/projets-en-construction\/\",\"name\":\"Projects in construction - Trend House\",\"isPartOf\":{\"@id\":\"https:\/\/www.trendhouse.lu\/#website\"},\"datePublished\":\"2022-12-22T14:32:05+00:00\",\"dateModified\":\"2023-01-10T09:35:40+00:00\",\"breadcrumb\":{\"@id\":\"https:\/\/www.trendhouse.lu\/en\/projets-en-construction\/#breadcrumb\"},\"inLanguage\":\"en-US\",\"potentialAction\":[{\"@type\":\"ReadAction\",\"target\":[\"https:\/\/www.trendhouse.lu\/en\/projets-en-construction\/\"]}]},{\"@type\":\"BreadcrumbList\",\"@id\":\"https:\/\/www.trendhouse.lu\/en\/projets-en-construction\/#breadcrumb\",\"itemListElement\":[{\"@type\":\"ListItem\",\"position\":1,\"name\":\"Accueil\",\"item\":\"https:\/\/www.trendhouse.lu\/en\/\"},{\"@type\":\"ListItem\",\"position\":2,\"name\":\"Projects in construction\"}]},{\"@type\":\"WebSite\",\"@id\":\"https:\/\/www.trendhouse.lu\/#website\",\"url\":\"https:\/\/www.trendhouse.lu\/\",\"name\":\"Trend House\",\"description\":\"Nous cr\u00e9ons de la propri\u00e9t\u00e9 immobili\u00e8re\",\"potentialAction\":[{\"@type\":\"SearchAction\",\"target\":{\"@type\":\"EntryPoint\",\"urlTemplate\":\"https:\/\/www.trendhouse.lu\/?s={search_term_string}\"},\"query-input\":{\"@type\":\"PropertyValueSpecification\",\"valueRequired\":true,\"valueName\":\"search_term_string\"}}],\"inLanguage\":\"en-US\"}]}<\/script>\n<!-- \/ Yoast SEO plugin. -->","yoast_head_json":{"title":"Projects in construction - Trend House","robots":{"index":"index","follow":"follow","max-snippet":"max-snippet:-1","max-image-preview":"max-image-preview:large","max-video-preview":"max-video-preview:-1"},"canonical":"https:\/\/www.trendhouse.lu\/en\/projets-en-construction\/","og_locale":"en_US","og_type":"article","og_title":"Projects in construction - Trend House","og_description":"All the real estate projects carried out have been studied and carried out with the greatest care, both in terms of architectural quality and urban planning, so that they blend...","og_url":"https:\/\/www.trendhouse.lu\/en\/projets-en-construction\/","og_site_name":"Trend House","article_modified_time":"2023-01-10T09:35:40+00:00","twitter_card":"summary_large_image","schema":{"@context":"https:\/\/schema.org","@graph":[{"@type":"WebPage","@id":"https:\/\/www.trendhouse.lu\/en\/projets-en-construction\/","url":"https:\/\/www.trendhouse.lu\/en\/projets-en-construction\/","name":"Projects in construction - Trend House","isPartOf":{"@id":"https:\/\/www.trendhouse.lu\/#website"},"datePublished":"2022-12-22T14:32:05+00:00","dateModified":"2023-01-10T09:35:40+00:00","breadcrumb":{"@id":"https:\/\/www.trendhouse.lu\/en\/projets-en-construction\/#breadcrumb"},"inLanguage":"en-US","potentialAction":[{"@type":"ReadAction","target":["https:\/\/www.trendhouse.lu\/en\/projets-en-construction\/"]}]},{"@type":"BreadcrumbList","@id":"https:\/\/www.trendhouse.lu\/en\/projets-en-construction\/#breadcrumb","itemListElement":[{"@type":"ListItem","position":1,"name":"Accueil","item":"https:\/\/www.trendhouse.lu\/en\/"},{"@type":"ListItem","position":2,"name":"Projects in construction"}]},{"@type":"WebSite","@id":"https:\/\/www.trendhouse.lu\/#website","url":"https:\/\/www.trendhouse.lu\/","name":"Trend House","description":"Nous cr\u00e9ons de la propri\u00e9t\u00e9 immobili\u00e8re","potentialAction":[{"@type":"SearchAction","target":{"@type":"EntryPoint","urlTemplate":"https:\/\/www.trendhouse.lu\/?s={search_term_string}"},"query-input":{"@type":"PropertyValueSpecification","valueRequired":true,"valueName":"search_term_string"}}],"inLanguage":"en-US"}]}},"_links":{"self":[{"href":"https:\/\/www.trendhouse.lu\/en\/wp-json\/wp\/v2\/pages\/480","targetHints":{"allow":["GET"]}}],"collection":[{"href":"https:\/\/www.trendhouse.lu\/en\/wp-json\/wp\/v2\/pages"}],"about":[{"href":"https:\/\/www.trendhouse.lu\/en\/wp-json\/wp\/v2\/types\/page"}],"author":[{"embeddable":true,"href":"https:\/\/www.trendhouse.lu\/en\/wp-json\/wp\/v2\/users\/1"}],"replies":[{"embeddable":true,"href":"https:\/\/www.trendhouse.lu\/en\/wp-json\/wp\/v2\/comments?post=480"}],"version-history":[{"count":1,"href":"https:\/\/www.trendhouse.lu\/en\/wp-json\/wp\/v2\/pages\/480\/revisions"}],"predecessor-version":[{"id":481,"href":"https:\/\/www.trendhouse.lu\/en\/wp-json\/wp\/v2\/pages\/480\/revisions\/481"}],"wp:attachment":[{"href":"https:\/\/www.trendhouse.lu\/en\/wp-json\/wp\/v2\/media?parent=480"}],"curies":[{"name":"wp","href":"https:\/\/api.w.org\/{rel}","templated":true}]}}