{"id":486,"date":"2022-12-22T15:32:30","date_gmt":"2022-12-22T14:32:30","guid":{"rendered":"https:\/\/www.trendhouse.lu\/a-savoir\/"},"modified":"2026-03-09T14:38:38","modified_gmt":"2026-03-09T13:38:38","slug":"a-savoir","status":"publish","type":"page","link":"https:\/\/www.trendhouse.lu\/en\/a-savoir\/","title":{"rendered":"Good to know"},"content":{"rendered":"","protected":false},"excerpt":{"rendered":"","protected":false},"author":1,"featured_media":376,"parent":0,"menu_order":0,"comment_status":"closed","ping_status":"closed","template":"page-templates\/good-to-know.php","meta":{"_acf_changed":false,"inline_featured_image":false,"footnotes":""},"class_list":["post-486","page","type-page","status-publish","has-post-thumbnail","hentry"],"acf":[],"yoast_head":"<!-- This site is optimized with the Yoast SEO plugin v25.5 - https:\/\/yoast.com\/wordpress\/plugins\/seo\/ -->\n<title>Good to know - Trend House<\/title>\n<meta name=\"robots\" content=\"index, follow, max-snippet:-1, max-image-preview:large, max-video-preview:-1\" \/>\n<link rel=\"canonical\" href=\"https:\/\/www.trendhouse.lu\/en\/a-savoir\/\" \/>\n<meta property=\"og:locale\" content=\"en_US\" \/>\n<meta property=\"og:type\" content=\"article\" \/>\n<meta property=\"og:title\" content=\"Good to know - Trend House\" \/>\n<meta property=\"og:url\" content=\"https:\/\/www.trendhouse.lu\/en\/a-savoir\/\" \/>\n<meta property=\"og:site_name\" content=\"Trend House\" \/>\n<meta property=\"article:modified_time\" content=\"2026-03-09T13:38:38+00:00\" \/>\n<meta property=\"og:image\" content=\"https:\/\/www.trendhouse.lu\/wp-content\/uploads\/2022\/12\/image9.jpg\" \/>\n\t<meta property=\"og:image:width\" content=\"1303\" \/>\n\t<meta property=\"og:image:height\" content=\"480\" \/>\n\t<meta property=\"og:image:type\" content=\"image\/jpeg\" \/>\n<meta name=\"twitter:card\" content=\"summary_large_image\" \/>\n<meta name=\"twitter:label1\" content=\"Est. reading time\" \/>\n\t<meta name=\"twitter:data1\" content=\"1 minute\" \/>\n<script type=\"application\/ld+json\" class=\"yoast-schema-graph\">{\"@context\":\"https:\/\/schema.org\",\"@graph\":[{\"@type\":\"WebPage\",\"@id\":\"https:\/\/www.trendhouse.lu\/en\/a-savoir\/\",\"url\":\"https:\/\/www.trendhouse.lu\/en\/a-savoir\/\",\"name\":\"Good to know - Trend House\",\"isPartOf\":{\"@id\":\"https:\/\/www.trendhouse.lu\/#website\"},\"primaryImageOfPage\":{\"@id\":\"https:\/\/www.trendhouse.lu\/en\/a-savoir\/#primaryimage\"},\"image\":{\"@id\":\"https:\/\/www.trendhouse.lu\/en\/a-savoir\/#primaryimage\"},\"thumbnailUrl\":\"https:\/\/www.trendhouse.lu\/wp-content\/uploads\/2022\/12\/image9.jpg\",\"datePublished\":\"2022-12-22T14:32:30+00:00\",\"dateModified\":\"2026-03-09T13:38:38+00:00\",\"breadcrumb\":{\"@id\":\"https:\/\/www.trendhouse.lu\/en\/a-savoir\/#breadcrumb\"},\"inLanguage\":\"en-US\",\"potentialAction\":[{\"@type\":\"ReadAction\",\"target\":[\"https:\/\/www.trendhouse.lu\/en\/a-savoir\/\"]}]},{\"@type\":\"ImageObject\",\"inLanguage\":\"en-US\",\"@id\":\"https:\/\/www.trendhouse.lu\/en\/a-savoir\/#primaryimage\",\"url\":\"https:\/\/www.trendhouse.lu\/wp-content\/uploads\/2022\/12\/image9.jpg\",\"contentUrl\":\"https:\/\/www.trendhouse.lu\/wp-content\/uploads\/2022\/12\/image9.jpg\",\"width\":1303,\"height\":480},{\"@type\":\"BreadcrumbList\",\"@id\":\"https:\/\/www.trendhouse.lu\/en\/a-savoir\/#breadcrumb\",\"itemListElement\":[{\"@type\":\"ListItem\",\"position\":1,\"name\":\"Accueil\",\"item\":\"https:\/\/www.trendhouse.lu\/en\/\"},{\"@type\":\"ListItem\",\"position\":2,\"name\":\"Good to know\"}]},{\"@type\":\"WebSite\",\"@id\":\"https:\/\/www.trendhouse.lu\/#website\",\"url\":\"https:\/\/www.trendhouse.lu\/\",\"name\":\"Trend House\",\"description\":\"Nous cr\u00e9ons de la propri\u00e9t\u00e9 immobili\u00e8re\",\"potentialAction\":[{\"@type\":\"SearchAction\",\"target\":{\"@type\":\"EntryPoint\",\"urlTemplate\":\"https:\/\/www.trendhouse.lu\/?s={search_term_string}\"},\"query-input\":{\"@type\":\"PropertyValueSpecification\",\"valueRequired\":true,\"valueName\":\"search_term_string\"}}],\"inLanguage\":\"en-US\"}]}<\/script>\n<!-- \/ Yoast SEO plugin. -->","yoast_head_json":{"title":"Good to know - Trend House","robots":{"index":"index","follow":"follow","max-snippet":"max-snippet:-1","max-image-preview":"max-image-preview:large","max-video-preview":"max-video-preview:-1"},"canonical":"https:\/\/www.trendhouse.lu\/en\/a-savoir\/","og_locale":"en_US","og_type":"article","og_title":"Good to know - Trend House","og_url":"https:\/\/www.trendhouse.lu\/en\/a-savoir\/","og_site_name":"Trend House","article_modified_time":"2026-03-09T13:38:38+00:00","og_image":[{"width":1303,"height":480,"url":"https:\/\/www.trendhouse.lu\/wp-content\/uploads\/2022\/12\/image9.jpg","type":"image\/jpeg"}],"twitter_card":"summary_large_image","twitter_misc":{"Est. reading time":"1 minute"},"schema":{"@context":"https:\/\/schema.org","@graph":[{"@type":"WebPage","@id":"https:\/\/www.trendhouse.lu\/en\/a-savoir\/","url":"https:\/\/www.trendhouse.lu\/en\/a-savoir\/","name":"Good to know - Trend House","isPartOf":{"@id":"https:\/\/www.trendhouse.lu\/#website"},"primaryImageOfPage":{"@id":"https:\/\/www.trendhouse.lu\/en\/a-savoir\/#primaryimage"},"image":{"@id":"https:\/\/www.trendhouse.lu\/en\/a-savoir\/#primaryimage"},"thumbnailUrl":"https:\/\/www.trendhouse.lu\/wp-content\/uploads\/2022\/12\/image9.jpg","datePublished":"2022-12-22T14:32:30+00:00","dateModified":"2026-03-09T13:38:38+00:00","breadcrumb":{"@id":"https:\/\/www.trendhouse.lu\/en\/a-savoir\/#breadcrumb"},"inLanguage":"en-US","potentialAction":[{"@type":"ReadAction","target":["https:\/\/www.trendhouse.lu\/en\/a-savoir\/"]}]},{"@type":"ImageObject","inLanguage":"en-US","@id":"https:\/\/www.trendhouse.lu\/en\/a-savoir\/#primaryimage","url":"https:\/\/www.trendhouse.lu\/wp-content\/uploads\/2022\/12\/image9.jpg","contentUrl":"https:\/\/www.trendhouse.lu\/wp-content\/uploads\/2022\/12\/image9.jpg","width":1303,"height":480},{"@type":"BreadcrumbList","@id":"https:\/\/www.trendhouse.lu\/en\/a-savoir\/#breadcrumb","itemListElement":[{"@type":"ListItem","position":1,"name":"Accueil","item":"https:\/\/www.trendhouse.lu\/en\/"},{"@type":"ListItem","position":2,"name":"Good to know"}]},{"@type":"WebSite","@id":"https:\/\/www.trendhouse.lu\/#website","url":"https:\/\/www.trendhouse.lu\/","name":"Trend House","description":"Nous cr\u00e9ons de la propri\u00e9t\u00e9 immobili\u00e8re","potentialAction":[{"@type":"SearchAction","target":{"@type":"EntryPoint","urlTemplate":"https:\/\/www.trendhouse.lu\/?s={search_term_string}"},"query-input":{"@type":"PropertyValueSpecification","valueRequired":true,"valueName":"search_term_string"}}],"inLanguage":"en-US"}]}},"_links":{"self":[{"href":"https:\/\/www.trendhouse.lu\/en\/wp-json\/wp\/v2\/pages\/486","targetHints":{"allow":["GET"]}}],"collection":[{"href":"https:\/\/www.trendhouse.lu\/en\/wp-json\/wp\/v2\/pages"}],"about":[{"href":"https:\/\/www.trendhouse.lu\/en\/wp-json\/wp\/v2\/types\/page"}],"author":[{"embeddable":true,"href":"https:\/\/www.trendhouse.lu\/en\/wp-json\/wp\/v2\/users\/1"}],"replies":[{"embeddable":true,"href":"https:\/\/www.trendhouse.lu\/en\/wp-json\/wp\/v2\/comments?post=486"}],"version-history":[{"count":2,"href":"https:\/\/www.trendhouse.lu\/en\/wp-json\/wp\/v2\/pages\/486\/revisions"}],"predecessor-version":[{"id":1263,"href":"https:\/\/www.trendhouse.lu\/en\/wp-json\/wp\/v2\/pages\/486\/revisions\/1263"}],"wp:featuredmedia":[{"embeddable":true,"href":"https:\/\/www.trendhouse.lu\/en\/wp-json\/wp\/v2\/media\/376"}],"wp:attachment":[{"href":"https:\/\/www.trendhouse.lu\/en\/wp-json\/wp\/v2\/media?parent=486"}],"curies":[{"name":"wp","href":"https:\/\/api.w.org\/{rel}","templated":true}]}}