{"id":513,"date":"2022-12-22T15:32:18","date_gmt":"2022-12-22T14:32:18","guid":{"rendered":"https:\/\/www.trendhouse.lu\/services\/"},"modified":"2023-07-10T12:56:45","modified_gmt":"2023-07-10T11:56:45","slug":"services","status":"publish","type":"page","link":"https:\/\/www.trendhouse.lu\/en\/services\/","title":{"rendered":"Services"},"content":{"rendered":"<p>Are you buying or selling your property? We are at your disposal for all types of real estate transactions<\/p>\n","protected":false},"excerpt":{"rendered":"<p>Are you buying or selling your property? We are at your disposal for all types of real estate transactions<\/p>\n","protected":false},"author":1,"featured_media":359,"parent":0,"menu_order":0,"comment_status":"closed","ping_status":"closed","template":"page-templates\/services.php","meta":{"_acf_changed":false,"inline_featured_image":false,"footnotes":""},"class_list":["post-513","page","type-page","status-publish","has-post-thumbnail","hentry"],"acf":[],"yoast_head":"<!-- This site is optimized with the Yoast SEO plugin v25.5 - https:\/\/yoast.com\/wordpress\/plugins\/seo\/ -->\n<title>Services - Trend House<\/title>\n<meta name=\"robots\" content=\"index, follow, max-snippet:-1, max-image-preview:large, max-video-preview:-1\" \/>\n<link rel=\"canonical\" href=\"https:\/\/www.trendhouse.lu\/en\/services\/\" \/>\n<meta property=\"og:locale\" content=\"en_US\" \/>\n<meta property=\"og:type\" content=\"article\" \/>\n<meta property=\"og:title\" content=\"Services - Trend House\" \/>\n<meta property=\"og:description\" content=\"Are you buying or selling your property? We are at your disposal for all types of real estate transactions\" \/>\n<meta property=\"og:url\" content=\"https:\/\/www.trendhouse.lu\/en\/services\/\" \/>\n<meta property=\"og:site_name\" content=\"Trend House\" \/>\n<meta property=\"article:modified_time\" content=\"2023-07-10T11:56:45+00:00\" \/>\n<meta property=\"og:image\" content=\"https:\/\/www.trendhouse.lu\/wp-content\/uploads\/2022\/12\/image17.jpg\" \/>\n\t<meta property=\"og:image:width\" content=\"749\" \/>\n\t<meta property=\"og:image:height\" content=\"548\" \/>\n\t<meta property=\"og:image:type\" content=\"image\/jpeg\" \/>\n<meta name=\"twitter:card\" content=\"summary_large_image\" \/>\n<script type=\"application\/ld+json\" class=\"yoast-schema-graph\">{\"@context\":\"https:\/\/schema.org\",\"@graph\":[{\"@type\":\"WebPage\",\"@id\":\"https:\/\/www.trendhouse.lu\/en\/services\/\",\"url\":\"https:\/\/www.trendhouse.lu\/en\/services\/\",\"name\":\"Services - Trend House\",\"isPartOf\":{\"@id\":\"https:\/\/www.trendhouse.lu\/#website\"},\"primaryImageOfPage\":{\"@id\":\"https:\/\/www.trendhouse.lu\/en\/services\/#primaryimage\"},\"image\":{\"@id\":\"https:\/\/www.trendhouse.lu\/en\/services\/#primaryimage\"},\"thumbnailUrl\":\"https:\/\/www.trendhouse.lu\/wp-content\/uploads\/2022\/12\/image17.jpg\",\"datePublished\":\"2022-12-22T14:32:18+00:00\",\"dateModified\":\"2023-07-10T11:56:45+00:00\",\"breadcrumb\":{\"@id\":\"https:\/\/www.trendhouse.lu\/en\/services\/#breadcrumb\"},\"inLanguage\":\"en-US\",\"potentialAction\":[{\"@type\":\"ReadAction\",\"target\":[\"https:\/\/www.trendhouse.lu\/en\/services\/\"]}]},{\"@type\":\"ImageObject\",\"inLanguage\":\"en-US\",\"@id\":\"https:\/\/www.trendhouse.lu\/en\/services\/#primaryimage\",\"url\":\"https:\/\/www.trendhouse.lu\/wp-content\/uploads\/2022\/12\/image17.jpg\",\"contentUrl\":\"https:\/\/www.trendhouse.lu\/wp-content\/uploads\/2022\/12\/image17.jpg\",\"width\":749,\"height\":548},{\"@type\":\"BreadcrumbList\",\"@id\":\"https:\/\/www.trendhouse.lu\/en\/services\/#breadcrumb\",\"itemListElement\":[{\"@type\":\"ListItem\",\"position\":1,\"name\":\"Accueil\",\"item\":\"https:\/\/www.trendhouse.lu\/en\/\"},{\"@type\":\"ListItem\",\"position\":2,\"name\":\"Services\"}]},{\"@type\":\"WebSite\",\"@id\":\"https:\/\/www.trendhouse.lu\/#website\",\"url\":\"https:\/\/www.trendhouse.lu\/\",\"name\":\"Trend House\",\"description\":\"Nous cr\u00e9ons de la propri\u00e9t\u00e9 immobili\u00e8re\",\"potentialAction\":[{\"@type\":\"SearchAction\",\"target\":{\"@type\":\"EntryPoint\",\"urlTemplate\":\"https:\/\/www.trendhouse.lu\/?s={search_term_string}\"},\"query-input\":{\"@type\":\"PropertyValueSpecification\",\"valueRequired\":true,\"valueName\":\"search_term_string\"}}],\"inLanguage\":\"en-US\"}]}<\/script>\n<!-- \/ Yoast SEO plugin. -->","yoast_head_json":{"title":"Services - Trend House","robots":{"index":"index","follow":"follow","max-snippet":"max-snippet:-1","max-image-preview":"max-image-preview:large","max-video-preview":"max-video-preview:-1"},"canonical":"https:\/\/www.trendhouse.lu\/en\/services\/","og_locale":"en_US","og_type":"article","og_title":"Services - Trend House","og_description":"Are you buying or selling your property? We are at your disposal for all types of real estate transactions","og_url":"https:\/\/www.trendhouse.lu\/en\/services\/","og_site_name":"Trend House","article_modified_time":"2023-07-10T11:56:45+00:00","og_image":[{"width":749,"height":548,"url":"https:\/\/www.trendhouse.lu\/wp-content\/uploads\/2022\/12\/image17.jpg","type":"image\/jpeg"}],"twitter_card":"summary_large_image","schema":{"@context":"https:\/\/schema.org","@graph":[{"@type":"WebPage","@id":"https:\/\/www.trendhouse.lu\/en\/services\/","url":"https:\/\/www.trendhouse.lu\/en\/services\/","name":"Services - Trend House","isPartOf":{"@id":"https:\/\/www.trendhouse.lu\/#website"},"primaryImageOfPage":{"@id":"https:\/\/www.trendhouse.lu\/en\/services\/#primaryimage"},"image":{"@id":"https:\/\/www.trendhouse.lu\/en\/services\/#primaryimage"},"thumbnailUrl":"https:\/\/www.trendhouse.lu\/wp-content\/uploads\/2022\/12\/image17.jpg","datePublished":"2022-12-22T14:32:18+00:00","dateModified":"2023-07-10T11:56:45+00:00","breadcrumb":{"@id":"https:\/\/www.trendhouse.lu\/en\/services\/#breadcrumb"},"inLanguage":"en-US","potentialAction":[{"@type":"ReadAction","target":["https:\/\/www.trendhouse.lu\/en\/services\/"]}]},{"@type":"ImageObject","inLanguage":"en-US","@id":"https:\/\/www.trendhouse.lu\/en\/services\/#primaryimage","url":"https:\/\/www.trendhouse.lu\/wp-content\/uploads\/2022\/12\/image17.jpg","contentUrl":"https:\/\/www.trendhouse.lu\/wp-content\/uploads\/2022\/12\/image17.jpg","width":749,"height":548},{"@type":"BreadcrumbList","@id":"https:\/\/www.trendhouse.lu\/en\/services\/#breadcrumb","itemListElement":[{"@type":"ListItem","position":1,"name":"Accueil","item":"https:\/\/www.trendhouse.lu\/en\/"},{"@type":"ListItem","position":2,"name":"Services"}]},{"@type":"WebSite","@id":"https:\/\/www.trendhouse.lu\/#website","url":"https:\/\/www.trendhouse.lu\/","name":"Trend House","description":"Nous cr\u00e9ons de la propri\u00e9t\u00e9 immobili\u00e8re","potentialAction":[{"@type":"SearchAction","target":{"@type":"EntryPoint","urlTemplate":"https:\/\/www.trendhouse.lu\/?s={search_term_string}"},"query-input":{"@type":"PropertyValueSpecification","valueRequired":true,"valueName":"search_term_string"}}],"inLanguage":"en-US"}]}},"_links":{"self":[{"href":"https:\/\/www.trendhouse.lu\/en\/wp-json\/wp\/v2\/pages\/513","targetHints":{"allow":["GET"]}}],"collection":[{"href":"https:\/\/www.trendhouse.lu\/en\/wp-json\/wp\/v2\/pages"}],"about":[{"href":"https:\/\/www.trendhouse.lu\/en\/wp-json\/wp\/v2\/types\/page"}],"author":[{"embeddable":true,"href":"https:\/\/www.trendhouse.lu\/en\/wp-json\/wp\/v2\/users\/1"}],"replies":[{"embeddable":true,"href":"https:\/\/www.trendhouse.lu\/en\/wp-json\/wp\/v2\/comments?post=513"}],"version-history":[{"count":6,"href":"https:\/\/www.trendhouse.lu\/en\/wp-json\/wp\/v2\/pages\/513\/revisions"}],"predecessor-version":[{"id":775,"href":"https:\/\/www.trendhouse.lu\/en\/wp-json\/wp\/v2\/pages\/513\/revisions\/775"}],"wp:featuredmedia":[{"embeddable":true,"href":"https:\/\/www.trendhouse.lu\/en\/wp-json\/wp\/v2\/media\/359"}],"wp:attachment":[{"href":"https:\/\/www.trendhouse.lu\/en\/wp-json\/wp\/v2\/media?parent=513"}],"curies":[{"name":"wp","href":"https:\/\/api.w.org\/{rel}","templated":true}]}}